{"id":2292,"date":"2020-10-05T09:50:19","date_gmt":"2020-10-05T09:50:19","guid":{"rendered":"https:\/\/www.discover-innsbruck.at\/?page_id=2292"},"modified":"2021-03-02T11:32:30","modified_gmt":"2021-03-02T11:32:30","slug":"online-reisefuehrer-innsbruck","status":"publish","type":"page","link":"https:\/\/www.discover-innsbruck.at\/en\/online-reisefuehrer-innsbruck\/","title":{"rendered":"Landing Page Online Reisef\u00fchrer Innsbruck"},"content":{"rendered":"<p>[et_pb_section fb_built=&#8220;1&#8243; custom_padding_last_edited=&#8220;on|phone&#8220; disabled_on=&#8220;off|off|off&#8220; _builder_version=&#8220;4.6.5&#8243; _module_preset=&#8220;default&#8220; background_image=&#8220;https:\/\/www.discover-innsbruck.at\/wp-content\/uploads\/2020\/08\/Annasaeule-Innsbruck.jpg&#8220; custom_padding=&#8220;180px||180px||true|false&#8220; custom_padding_tablet=&#8220;&#8220; custom_padding_phone=&#8220;100px||100px||true|false&#8220;][et_pb_row column_structure=&#8220;1_2,1_2&#8243; _builder_version=&#8220;4.6.5&#8243; _module_preset=&#8220;default&#8220;][et_pb_column type=&#8220;1_2&#8243; _builder_version=&#8220;4.5.6&#8243; _module_preset=&#8220;default&#8220;][et_pb_text _builder_version=&#8220;4.6.5&#8243; _module_preset=&#8220;default&#8220; header_text_color=&#8220;#ffffff&#8220; header_font_size=&#8220;48px&#8220; header_2_text_color=&#8220;#ffffff&#8220; header_2_font_size=&#8220;36px&#8220;]<\/p>\n<h1>Online Reisef\u00fchrer Innsbruck<\/h1>\n<p>[\/et_pb_text][et_pb_button button_url=&#8220;\/?asp_action=show_pp&#038;product_id=963&#8243; button_text=&#8220;Los geht\u00b4s&#8220; button_alignment=&#8220;center&#8220; disabled_on=&#8220;off|off|off&#8220; _builder_version=&#8220;4.7.3&#8243; _module_preset=&#8220;default&#8220; custom_button=&#8220;on&#8220; button_text_size=&#8220;28px&#8220; button_text_color=&#8220;#ffffff&#8220; button_bg_color=&#8220;#e09900&#8243; button_border_width=&#8220;0px&#8220; button_border_radius=&#8220;6px&#8220; button_use_icon=&#8220;off&#8220; background_layout=&#8220;dark&#8220; custom_padding=&#8220;10px||10px|10px|true|false&#8220; animation_style=&#8220;bounce&#8220; animation_delay=&#8220;1000ms&#8220; box_shadow_style=&#8220;preset1&#8243;][\/et_pb_button][et_pb_text _builder_version=&#8220;4.9.0&#8243; _module_preset=&#8220;default&#8220; link_text_color=&#8220;#ffffff&#8220; header_text_color=&#8220;#ffffff&#8220; header_font_size=&#8220;48px&#8220; header_2_text_color=&#8220;#ffffff&#8220; header_2_font_size=&#8220;36px&#8220; hover_enabled=&#8220;0&#8243; sticky_enabled=&#8220;0&#8243;]<\/p>\n<p><a href=\"\/login\/\"><strong>Bereits Kunde? Login\u2026<\/strong><\/a><\/p>\n<p>[\/et_pb_text][\/et_pb_column][et_pb_column type=&#8220;1_2&#8243; _builder_version=&#8220;4.5.6&#8243; _module_preset=&#8220;default&#8220;][et_pb_text _builder_version=&#8220;4.9.0&#8243; _module_preset=&#8220;default&#8220; header_font_size=&#8220;36px&#8220; background_color=&#8220;rgba(255,255,255,0.81)&#8220; custom_padding=&#8220;20px|20px|20px|20px|true|true&#8220; hover_enabled=&#8220;0&#8243; border_radii=&#8220;on|5px|5px|5px|5px&#8220; sticky_enabled=&#8220;0&#8243;]<\/p>\n<p>Unsere Seite bietet den vielleicht umfangreichsten Reisef\u00fchrer f\u00fcr Innsbruck, seine Sehensw\u00fcrdigkeiten und Geschichten.<\/p>\n<h1><a href=\"\/?asp_action=show_pp&amp;product_id=963\">Preis: 29 \u20ac<\/a><\/h1>\n<p>&nbsp;<\/p>\n<ul>\n<li><strong>Alle Highlights der Stadt<\/strong><\/li>\n<li><strong>Versteckte\u00a0Winkel und Geheimtipps<\/strong><\/li>\n<li><strong>Interessante Geschichten &amp; Hintergr\u00fcnde<\/strong><\/li>\n<li><strong>Guide zu Kultur und wichtigen Personen<\/strong><\/li>\n<\/ul>\n<p>&nbsp;<\/p>\n<p>Nat\u00fcrlich ist auch unser <a href=\"https:\/\/www.discover-innsbruck.at\/\">Outdoor Escape Game<\/a> im Preis inklusive\u2026.<\/p>\n<p><a href=\"\/login\/\"><strong>Schon bezahlt? Login\u2026<\/strong><\/a><\/p>\n<p>[\/et_pb_text][\/et_pb_column][\/et_pb_row][\/et_pb_section][et_pb_section fb_built=&#8220;1&#8243; custom_padding_last_edited=&#8220;on|desktop&#8220; disabled_on=&#8220;off|off|off&#8220; _builder_version=&#8220;4.6.5&#8243; _module_preset=&#8220;default&#8220; background_enable_image=&#8220;off&#8220; custom_padding_tablet=&#8220;&#8220; custom_padding_phone=&#8220;||||true|false&#8220;][et_pb_row column_structure=&#8220;1_4,1_4,1_2&#8243; _builder_version=&#8220;4.5.6&#8243; _module_preset=&#8220;default&#8220;][et_pb_column type=&#8220;1_4&#8243; _builder_version=&#8220;4.5.6&#8243; _module_preset=&#8220;default&#8220;][et_pb_text _builder_version=&#8220;4.6.5&#8243; _module_preset=&#8220;default&#8220; header_text_align=&#8220;center&#8220; header_font_size=&#8220;36px&#8220; background_color=&#8220;rgba(255,255,255,0.81)&#8220; width_tablet=&#8220;&#8220; width_phone=&#8220;&#8220; width_last_edited=&#8220;on|desktop&#8220; module_alignment=&#8220;center&#8220; custom_padding=&#8220;20px|20px|20px|20px|true|true&#8220; border_radii=&#8220;on|5px|5px|5px|5px&#8220; box_shadow_style=&#8220;preset1&#8243;]<\/p>\n<h3>Stadtrundgang 2.0<\/h3>\n<p>Du lernst Innsbrucks Sehensw\u00fcrdigkeiten und Geschichte genau so intensiv kennen, wie DU es m\u00f6chtest.<\/p>\n<p>[\/et_pb_text][et_pb_text _builder_version=&#8220;4.6.5&#8243; _module_preset=&#8220;default&#8220; header_text_align=&#8220;center&#8220; header_font_size=&#8220;36px&#8220; background_color=&#8220;rgba(255,255,255,0.81)&#8220; module_alignment=&#8220;center&#8220; custom_padding=&#8220;20px|20px|20px|20px|true|true&#8220; border_radii=&#8220;on|5px|5px|5px|5px&#8220; box_shadow_style=&#8220;preset1&#8243;]<\/p>\n<h3>Travel guide<\/h3>\n<p>Unser Online Stadtf\u00fchrer f\u00fchrt dich wie ein Guide zu den wichtigsten Orten in Innsbruck.<\/p>\n<p>[\/et_pb_text][\/et_pb_column][et_pb_column type=&#8220;1_4&#8243; _builder_version=&#8220;4.5.6&#8243; _module_preset=&#8220;default&#8220;][et_pb_text _builder_version=&#8220;4.6.5&#8243; _module_preset=&#8220;default&#8220; header_text_align=&#8220;center&#8220; header_font_size=&#8220;36px&#8220; background_color=&#8220;rgba(255,255,255,0.81)&#8220; module_alignment=&#8220;center&#8220; custom_padding=&#8220;20px|20px|20px|20px|true|true&#8220; border_radii=&#8220;on|5px|5px|5px|5px&#8220; box_shadow_style=&#8220;preset1&#8243;]<\/p>\n<h3>Individuell<\/h3>\n<p>Unser Reisef\u00fchrer gibt dir die M\u00f6glichkeit, den Rhythmus, in dem du die Stadt erkundest, selbst zu bestimmen.\u00a0<\/p>\n<p>[\/et_pb_text][et_pb_text _builder_version=&#8220;4.6.5&#8243; _module_preset=&#8220;default&#8220; header_text_align=&#8220;center&#8220; header_font_size=&#8220;36px&#8220; background_color=&#8220;rgba(255,255,255,0.81)&#8220; module_alignment=&#8220;center&#8220; custom_padding=&#8220;20px|20px|20px|20px|true|true&#8220; border_radii=&#8220;on|5px|5px|5px|5px&#8220; box_shadow_style=&#8220;preset1&#8243;]<\/p>\n<h3>Kennenlernen<\/h3>\n<p>Erlebe die Stadt mit allen spannenden Highlights und Geheimtipps die Innsbruck zu bieten hat.<\/p>\n<p>[\/et_pb_text][\/et_pb_column][et_pb_column type=&#8220;1_2&#8243; _builder_version=&#8220;4.5.6&#8243; _module_preset=&#8220;default&#8220;][et_pb_text _builder_version=&#8220;4.6.5&#8243; _module_preset=&#8220;default&#8220; header_text_align=&#8220;center&#8220; header_text_color=&#8220;#000000&#8243; header_font_size=&#8220;36px&#8220; background_color=&#8220;rgba(255,255,255,0.81)&#8220; module_alignment=&#8220;center&#8220; custom_padding=&#8220;20px|20px|20px|20px|true|true&#8220; border_radii=&#8220;on|5px|5px|5px|5px&#8220; box_shadow_style=&#8220;preset1&#8243;]<\/p>\n<h1>Online Reisef\u00fchrer<\/h1>\n<p>&nbsp;<\/p>\n<p><a href=\"https:\/\/www.discover-innsbruck.at\/top-10-sehenswuerdigkeiten-in-innsbruck\/\"><strong>Top 10 Sehensw\u00fcrdigkeiten<\/strong><\/a><\/p>\n<p><a href=\"https:\/\/www.discover-innsbruck.at\/innenstadt-innsbruck\/\"><strong>Innenstadt mit Altstadt<\/strong><\/a><\/p>\n<p><strong><a href=\"https:\/\/www.discover-innsbruck.at\/innsbruck-altstadt\/\">Old Town<\/a><\/strong><\/p>\n<p><a href=\"https:\/\/www.discover-innsbruck.at\/kirchen\/\"><strong>Gottesh\u00e4user<\/strong><\/a><\/p>\n<p><a href=\"https:\/\/www.discover-innsbruck.at\/historische-gaststaetten\/\"><strong>Historical Inns<\/strong><\/a><\/p>\n<p><a href=\"https:\/\/www.discover-innsbruck.at\/habsburger\/\"><strong>Auf den Spuren der Habsburger<\/strong><\/a><\/p>\n<p>[\/et_pb_text][\/et_pb_column][\/et_pb_row][\/et_pb_section][et_pb_section fb_built=&#8220;1&#8243; custom_padding_last_edited=&#8220;on|phone&#8220; disabled_on=&#8220;off|off|off&#8220; _builder_version=&#8220;4.6.5&#8243; _module_preset=&#8220;default&#8220; background_image=&#8220;https:\/\/www.discover-innsbruck.at\/wp-content\/uploads\/2020\/08\/Kiebachgasse-Innsbruck-Vier-Viecher-Eck.jpg&#8220; custom_padding=&#8220;180px||180px||true|false&#8220; custom_padding_tablet=&#8220;&#8220; custom_padding_phone=&#8220;100px||100px||true|false&#8220;][et_pb_row _builder_version=&#8220;4.5.6&#8243; _module_preset=&#8220;default&#8220;][et_pb_column type=&#8220;4_4&#8243; _builder_version=&#8220;4.5.6&#8243; _module_preset=&#8220;default&#8220;][et_pb_text _builder_version=&#8220;4.6.5&#8243; _module_preset=&#8220;default&#8220; header_text_align=&#8220;center&#8220; header_font_size=&#8220;36px&#8220; background_color=&#8220;rgba(255,255,255,0.81)&#8220; text_orientation=&#8220;center&#8220; width=&#8220;67%&#8220; module_alignment=&#8220;center&#8220; custom_padding=&#8220;20px|20px|20px|20px|true|true&#8220; border_radii=&#8220;on|5px|5px|5px|5px&#8220;]<\/p>\n<h1>Dein Innsbruck Stadtf\u00fchrer<\/h1>\n<p>Wir f\u00fchren dich wie ein Reisef\u00fchrer zu den wichtigsten Sehensw\u00fcrdigkeiten und zeigen dir versteckte Winkel der Stadt. Individuell und g\u00fcnstig kannst du so Innsbruck intensiv erkunden.<\/p>\n<p>[\/et_pb_text][\/et_pb_column][\/et_pb_row][\/et_pb_section][et_pb_section fb_built=&#8220;1&#8243; disabled_on=&#8220;off|off|off&#8220; _builder_version=&#8220;4.6.0&#8243; _module_preset=&#8220;default&#8220;][et_pb_row _builder_version=&#8220;4.6.0&#8243; _module_preset=&#8220;default&#8220;][et_pb_column type=&#8220;4_4&#8243; _builder_version=&#8220;4.6.0&#8243; _module_preset=&#8220;default&#8220;][et_pb_text _builder_version=&#8220;4.6.5&#8243; _module_preset=&#8220;default&#8220; header_text_align=&#8220;center&#8220;]<\/p>\n<h1>Innsbrucks Highlights entdecken<\/h1>\n<p>[\/et_pb_text][et_pb_blog fullwidth=&#8220;off&#8220; posts_number=&#8220;9&#8243; include_categories=&#8220;23&#8243; show_author=&#8220;off&#8220; show_date=&#8220;off&#8220; show_categories=&#8220;off&#8220; show_pagination=&#8220;off&#8220; _builder_version=&#8220;4.6.5&#8243; _module_preset=&#8220;default&#8220; custom_padding=&#8220;20px|20px|20px|20px|true|true&#8220; border_radii=&#8220;on|10px|10px|10px|10px&#8220; box_shadow_style=&#8220;preset1&#8243;][\/et_pb_blog][\/et_pb_column][\/et_pb_row][\/et_pb_section]<\/p>","protected":false},"excerpt":{"rendered":"<p>Online Reisef\u00fchrer InnsbruckBereits Kunde? Login&#8230;Unsere Seite bietet den vielleicht umfangreichsten Reisef\u00fchrer f\u00fcr Innsbruck, seine Sehensw\u00fcrdigkeiten und Geschichten. Preis: 29 \u20ac &nbsp; Alle Highlights der Stadt Versteckte\u00a0Winkel und Geheimtipps Interessante Geschichten &amp; Hintergr\u00fcnde Guide zu Kultur und wichtigen Personen &nbsp; Nat\u00fcrlich ist auch unser Outdoor Escape Game im Preis inklusive&#8230;. Schon bezahlt? Login&#8230;Stadtrundgang 2.0 Du lernst [&hellip;]<\/p>","protected":false},"author":1,"featured_media":0,"parent":0,"menu_order":0,"comment_status":"closed","ping_status":"closed","template":"","meta":{"_et_pb_use_builder":"on","_et_pb_old_content":"","_et_gb_content_width":"","footnotes":""},"class_list":["post-2292","page","type-page","status-publish","hentry"],"_links":{"self":[{"href":"https:\/\/www.discover-innsbruck.at\/en\/wp-json\/wp\/v2\/pages\/2292","targetHints":{"allow":["GET"]}}],"collection":[{"href":"https:\/\/www.discover-innsbruck.at\/en\/wp-json\/wp\/v2\/pages"}],"about":[{"href":"https:\/\/www.discover-innsbruck.at\/en\/wp-json\/wp\/v2\/types\/page"}],"author":[{"embeddable":true,"href":"https:\/\/www.discover-innsbruck.at\/en\/wp-json\/wp\/v2\/users\/1"}],"replies":[{"embeddable":true,"href":"https:\/\/www.discover-innsbruck.at\/en\/wp-json\/wp\/v2\/comments?post=2292"}],"version-history":[{"count":0,"href":"https:\/\/www.discover-innsbruck.at\/en\/wp-json\/wp\/v2\/pages\/2292\/revisions"}],"wp:attachment":[{"href":"https:\/\/www.discover-innsbruck.at\/en\/wp-json\/wp\/v2\/media?parent=2292"}],"curies":[{"name":"wp","href":"https:\/\/api.w.org\/{rel}","templated":true}]}}