{"id":2333,"date":"2020-10-05T10:33:56","date_gmt":"2020-10-05T10:33:56","guid":{"rendered":"https:\/\/www.discover-innsbruck.at\/?page_id=2333"},"modified":"2026-04-20T09:18:01","modified_gmt":"2026-04-20T09:18:01","slug":"uebersicht-reisefuehrer","status":"publish","type":"page","link":"https:\/\/www.discover-innsbruck.at\/en\/","title":{"rendered":"Home page"},"content":{"rendered":"<p>[et_pb_section fb_built=&#8220;1&#8243; disabled_on=&#8220;on|on|on&#8220; _builder_version=&#8220;4.24.3&#8243; _module_preset=&#8220;default&#8220; background_image=&#8220;https:\/\/www.discover-innsbruck.at\/wp-content\/uploads\/2020\/08\/Annasaeule-Innsbruck.jpg&#8220; custom_padding=&#8220;200px||200px||false|false&#8220; disabled=&#8220;on&#8220; global_colors_info=&#8220;{}&#8220;][et_pb_row _builder_version=&#8220;4.16&#8243; _module_preset=&#8220;default&#8220; global_colors_info=&#8220;{}&#8220;][et_pb_column type=&#8220;4_4&#8243; _builder_version=&#8220;4.16&#8243; _module_preset=&#8220;default&#8220; global_colors_info=&#8220;{}&#8220;][et_pb_text _builder_version=&#8220;4.27.2&#8243; text_text_color=&#8220;#000000&#8243; header_font=&#8220;|on|||&#8220; header_text_align=&#8220;center&#8220; header_text_color=&#8220;#e09900&#8243; header_font_size=&#8220;42px&#8220; header_line_height=&#8220;1.3em&#8220; header_2_text_color=&#8220;#000000&#8243; background_color=&#8220;rgba(255,255,255,0.8)&#8220; background_layout=&#8220;dark&#8220; width=&#8220;50%&#8220; module_alignment=&#8220;center&#8220; custom_padding=&#8220;10px|10px|10px|10px|true|true&#8220; header_font_size_last_edited=&#8220;off|desktop&#8220; border_radii=&#8220;on|10px|10px|10px|10px&#8220; box_shadow_style=&#8220;preset1&#8243; locked=&#8220;off&#8220; global_colors_info=&#8220;{}&#8220;]<\/p>\n<h1>Ein Reisef\u00fchrer durch Innsbruck und die Zeit<\/h1>\n<p>[\/et_pb_text][\/et_pb_column][\/et_pb_row][\/et_pb_section][et_pb_section fb_built=&#8220;1&#8243; _builder_version=&#8220;4.27.4&#8243; _module_preset=&#8220;default&#8220; global_colors_info=&#8220;{}&#8220;][et_pb_row column_structure=&#8220;1_2,1_2&#8243; _builder_version=&#8220;4.27.4&#8243; _module_preset=&#8220;default&#8220; global_colors_info=&#8220;{}&#8220;][et_pb_column type=&#8220;1_2&#8243; _builder_version=&#8220;4.27.4&#8243; _module_preset=&#8220;default&#8220; global_colors_info=&#8220;{}&#8220;][et_pb_text _builder_version=&#8220;4.27.4&#8243; _module_preset=&#8220;default&#8220; global_colors_info=&#8220;{}&#8220;]<\/p>\n<h1 style=\"text-align: center;\">#innsbrooklyn<\/h1>\n<p style=\"text-align: left;\">[\/et_pb_text][et_pb_text _builder_version=&#8220;4.27.4&#8243; _module_preset=&#8220;default&#8220; text_orientation=&#8220;center&#8220; custom_padding=&#8220;10px|10px|10px|10px|true|true&#8220; link_option_url=&#8220;https:\/\/www.discover-innsbruck.at\/alle-sehenswuerdigkeiten-in-innsbruck\/&#8220; border_radii=&#8220;on|10px|10px|10px|10px&#8220; box_shadow_style=&#8220;preset1&#8243; global_colors_info=&#8220;{}&#8220;]<\/p>\n<h1><a href=\"https:\/\/www.discover-innsbruck.at\/alle-sehenswuerdigkeiten-in-innsbruck\/\">Sehensw\u00fcrdigkeiten<\/a><\/h1>\n<p>[\/et_pb_text][et_pb_text _builder_version=&#8220;4.27.4&#8243; _module_preset=&#8220;default&#8220; text_orientation=&#8220;center&#8220; custom_padding=&#8220;10px|10px|10px|10px|true|true&#8220; link_option_url=&#8220;\/geschichte-der-stadt-innsbruck\/&#8220; border_radii=&#8220;on|10px|10px|10px|10px&#8220; box_shadow_style=&#8220;preset1&#8243; global_colors_info=&#8220;{}&#8220;]<\/p>\n<h1>Geschichte(n)<\/h1>\n<p>[\/et_pb_text][et_pb_text _builder_version=&#8220;4.27.4&#8243; _module_preset=&#8220;default&#8220; text_orientation=&#8220;center&#8220; custom_padding=&#8220;10px|10px|10px|10px|true|true&#8220; link_option_url=&#8220;https:\/\/www.discover-innsbruck.at\/innsbrooklyn-shop\/&#8220; border_radii=&#8220;on|10px|10px|10px|10px&#8220; box_shadow_style=&#8220;preset1&#8243; global_colors_info=&#8220;{}&#8220;]<\/p>\n<h1>Shop<\/h1>\n<p>[\/et_pb_text][\/et_pb_column][et_pb_column type=&#8220;1_2&#8243; _builder_version=&#8220;4.27.4&#8243; _module_preset=&#8220;default&#8220; global_colors_info=&#8220;{}&#8220;][et_pb_text _builder_version=&#8220;4.27.4&#8243; _module_preset=&#8220;default&#8220; global_colors_info=&#8220;{}&#8220;]<\/p>\n<h1 style=\"text-align: center;\">#discover&#8230;<\/h1>\n<p style=\"text-align: left;\">[\/et_pb_text][et_pb_post_slider include_categories=&#8220;59&#8243; orderby=&#8220;rand&#8220; show_pagination=&#8220;off&#8220; show_more_button=&#8220;off&#8220; excerpt_length=&#8220;0&#8243; show_meta=&#8220;off&#8220; arrows_custom_color=&#8220;#E09900&#8243; dot_nav_custom_color=&#8220;#E09900&#8243; admin_label=&#8220;Stadtteile&#8220; _builder_version=&#8220;4.27.4&#8243; _module_preset=&#8220;default&#8220; header_text_color=&#8220;#E09900&#8243; header_font_size=&#8220;42px&#8220; body_text_color=&#8220;#E09900&#8243; body_font_size=&#8220;1px&#8220; module_alignment=&#8220;center&#8220; border_radii=&#8220;on|5px|5px|5px|5px&#8220; border_radii_image=&#8220;on|5px|5px|5px|5px&#8220; box_shadow_style=&#8220;preset1&#8243; box_shadow_style_image=&#8220;preset1&#8243; global_colors_info=&#8220;{}&#8220;][\/et_pb_post_slider][\/et_pb_column][\/et_pb_row][et_pb_row _builder_version=&#8220;4.27.4&#8243; _module_preset=&#8220;default&#8220; global_colors_info=&#8220;{}&#8220;][et_pb_column type=&#8220;4_4&#8243; _builder_version=&#8220;4.27.4&#8243; _module_preset=&#8220;default&#8220; global_colors_info=&#8220;{}&#8220;][et_pb_text _builder_version=&#8220;4.27.4&#8243; _module_preset=&#8220;default&#8220; global_colors_info=&#8220;{}&#8220;]<\/p>\n<h1 style=\"text-align: center;\">Top 10 in Innsbruck<\/h1>\n<p style=\"text-align: center;\">Die Top-Sights Innsbrooklyns<\/p>\n<p>[\/et_pb_text][et_pb_post_slider include_categories=&#8220;23&#8243; orderby=&#8220;rand&#8220; show_pagination=&#8220;off&#8220; show_more_button=&#8220;off&#8220; excerpt_length=&#8220;0&#8243; show_meta=&#8220;off&#8220; arrows_custom_color=&#8220;#E09900&#8243; dot_nav_custom_color=&#8220;#E09900&#8243; admin_label=&#8220;Top 10&#8243; _builder_version=&#8220;4.27.4&#8243; _module_preset=&#8220;default&#8220; header_text_color=&#8220;#E09900&#8243; header_font_size=&#8220;42px&#8220; body_text_color=&#8220;#E09900&#8243; body_font_size=&#8220;1px&#8220; module_alignment=&#8220;center&#8220; border_radii=&#8220;on|5px|5px|5px|5px&#8220; border_radii_image=&#8220;on|5px|5px|5px|5px&#8220; box_shadow_style=&#8220;preset1&#8243; box_shadow_style_image=&#8220;preset1&#8243; global_colors_info=&#8220;{}&#8220;][\/et_pb_post_slider][\/et_pb_column][\/et_pb_row][et_pb_row _builder_version=&#8220;4.27.4&#8243; _module_preset=&#8220;default&#8220; global_colors_info=&#8220;{}&#8220;][et_pb_column type=&#8220;4_4&#8243; _builder_version=&#8220;4.27.4&#8243; _module_preset=&#8220;default&#8220; global_colors_info=&#8220;{}&#8220;][et_pb_text _builder_version=&#8220;4.27.4&#8243; _module_preset=&#8220;default&#8220; global_colors_info=&#8220;{}&#8220;]<\/p>\n<h1 style=\"text-align: center;\">Take a walk&#8230;<\/h1>\n<p style=\"text-align: center;\">Vorschl\u00e4ge, um Innsbruck kennenzulernen<\/p>\n<p style=\"text-align: left;\">[\/et_pb_text][et_pb_post_slider include_categories=&#8220;85&#8243; orderby=&#8220;rand&#8220; show_pagination=&#8220;off&#8220; show_more_button=&#8220;off&#8220; excerpt_length=&#8220;0&#8243; show_meta=&#8220;off&#8220; arrows_custom_color=&#8220;#E09900&#8243; dot_nav_custom_color=&#8220;#E09900&#8243; admin_label=&#8220;Spazierg\u00e4nge&#8220; _builder_version=&#8220;4.27.4&#8243; _module_preset=&#8220;default&#8220; header_text_color=&#8220;#E09900&#8243; header_font_size=&#8220;42px&#8220; body_text_color=&#8220;#E09900&#8243; body_font_size=&#8220;16px&#8220; module_alignment=&#8220;center&#8220; border_radii=&#8220;on|5px|5px|5px|5px&#8220; border_radii_image=&#8220;on|5px|5px|5px|5px&#8220; box_shadow_style=&#8220;preset1&#8243; box_shadow_style_image=&#8220;preset1&#8243; global_colors_info=&#8220;{}&#8220;][\/et_pb_post_slider][\/et_pb_column][\/et_pb_row][et_pb_row _builder_version=&#8220;4.27.4&#8243; _module_preset=&#8220;default&#8220; global_colors_info=&#8220;{}&#8220;][et_pb_column type=&#8220;4_4&#8243; _builder_version=&#8220;4.27.4&#8243; _module_preset=&#8220;default&#8220; global_colors_info=&#8220;{}&#8220;][et_pb_text _builder_version=&#8220;4.27.4&#8243; _module_preset=&#8220;default&#8220; global_colors_info=&#8220;{}&#8220;]<\/p>\n<h1 style=\"text-align: center;\">&#8230;aus der Stadtgeschichte<\/h1>\n<p style=\"text-align: center;\">Deine t\u00e4gliche Portion Wissenswertes Innsbruck.\u00a0<\/p>\n<p style=\"text-align: left;\">[\/et_pb_text][et_pb_post_slider include_categories=&#8220;89&#8243; orderby=&#8220;rand&#8220; show_pagination=&#8220;off&#8220; show_more_button=&#8220;off&#8220; excerpt_length=&#8220;0&#8243; show_meta=&#8220;off&#8220; arrows_custom_color=&#8220;#E09900&#8243; dot_nav_custom_color=&#8220;#E09900&#8243; admin_label=&#8220;Auswahl Wissenswertes Random&#8220; _builder_version=&#8220;4.27.4&#8243; _module_preset=&#8220;default&#8220; header_text_color=&#8220;#E09900&#8243; header_font_size=&#8220;42px&#8220; body_text_color=&#8220;#E09900&#8243; body_font_size=&#8220;16px&#8220; module_alignment=&#8220;center&#8220; border_radii=&#8220;on|5px|5px|5px|5px&#8220; border_radii_image=&#8220;on|5px|5px|5px|5px&#8220; box_shadow_style=&#8220;preset1&#8243; box_shadow_style_image=&#8220;preset1&#8243; global_colors_info=&#8220;{}&#8220;][\/et_pb_post_slider][\/et_pb_column][\/et_pb_row][\/et_pb_section][et_pb_section fb_built=&#8220;1&#8243; _builder_version=&#8220;4.24.3&#8243; _module_preset=&#8220;default&#8220; background_image=&#8220;https:\/\/www.discover-innsbruck.at\/wp-content\/uploads\/2020\/08\/Kiebachgasse-Innsbruck-Vier-Viecher-Eck.jpg&#8220; custom_padding=&#8220;200px||200px||false|false&#8220; global_colors_info=&#8220;{}&#8220;][et_pb_row column_structure=&#8220;1_2,1_2&#8243; _builder_version=&#8220;4.27.0&#8243; _module_preset=&#8220;default&#8220; global_colors_info=&#8220;{}&#8220;][et_pb_column type=&#8220;1_2&#8243; _builder_version=&#8220;4.27.0&#8243; _module_preset=&#8220;default&#8220; global_colors_info=&#8220;{}&#8220;][et_pb_toggle title=&#8220;Warum diese Seite?&#8220; open_toggle_text_color=&#8220;#e09900&#8243; open_toggle_background_color=&#8220;#ffffff&#8220; closed_toggle_text_color=&#8220;#e09900&#8243; closed_toggle_background_color=&#8220;#ffffff&#8220; icon_color=&#8220;#e09900&#8243; open_icon_color=&#8220;#e09900&#8243; admin_label=&#8220;Warum diese Seite?&#8220; _builder_version=&#8220;4.27.4&#8243; _module_preset=&#8220;default&#8220; title_text_color=&#8220;#e09900&#8243; title_font_size=&#8220;18px&#8220; border_radii=&#8220;on|5px|5px|5px|5px&#8220; box_shadow_style=&#8220;preset1&#8243; global_colors_info=&#8220;{}&#8220;]<\/p>\n<p>Ich lege in Innsbruck beinahe alle Strecken zu Fu\u00df oder mit dem Rad zur\u00fcck. Bei sch\u00f6nem Wetter vers\u00fc\u00dfe ich mir meinen Arbeitsweg von Amras im Osten in die H\u00f6ttinger Au im Westen der Stadt mit einem kurzen Umweg durch die Innenstadt. Die Pradlerstra\u00dfe mit den H\u00e4usern im Tiroler Heimatstil und den Bauernh\u00f6fen, die Universit\u00e4tsstra\u00dfe mit der modernen Wirtschaftsuniversit\u00e4t auf der einen und der Theologischen Fakult\u00e4t in der Jesuitenkirche auf der anderen Seite, die Altstadt und Mariahilf sind auch nach Jahren immer wieder etwas Besonderes. Spazierg\u00e4nge f\u00fchren mich oft durchs alte Dorf Wilten, die <em>Koatlackn<\/em> oder den Saggen, wo ich still die Bewohner der sch\u00f6nen Villen beneide und mich dar\u00fcber \u00e4rgere, dass das <em>Panoramageb\u00e4ude<\/em> noch immer ungenutzter Leerstand ist. Mit meinen Beitr\u00e4gen m\u00f6chte ich sowohl Besuchern als auch Einheimischen die bekannten wie auch die weniger offensichtlichen Sehensw\u00fcrdigkeiten und die damit verbundene(n) Geschichte(n) n\u00e4herbringen. Innsbrucks Randbezirke spielen dabei ebenso eine Rolle wie Geb\u00e4ude aus der Zwischenkriegszeit, scheinbare Nutzobjekte, unscheinbare Alltagsdenkm\u00e4ler und die klassischen Highlights in der Altstadt. Neben den ortsbezogenen Beitr\u00e4gen f\u00fchren die Kapitel im Teil <em>Wissenswertes<\/em> durch die Geschichte Innsbrucks und wenn hilfreich und n\u00f6tig ein klein wenig dar\u00fcber hinaus. \u00d6sterreichs vielleicht bedeutendster Philosophie-Export Sir Karl Popper, und wer m\u00f6chte dem schon widersprechen, meinte einst, dass es die EINE Geschichte nicht gibt. Es g\u00e4be nur viele Geschichten, die nebeneinander bestehen, sich widersprechen oder erg\u00e4nzen. Diesem Ansatz folge ich nur zu gerne. Geb\u00e4ude, Pl\u00e4tze, Geschichte, <em>Gschichtln<\/em>, Personen und Legenden verkn\u00fcpfen sich so zu einer erlebbaren Erz\u00e4hlung, dem man entweder vor Ort oder gem\u00fctlich zu Hause auf der Couch lesend folgen kann. W\u00e4hrend Spazierg\u00e4ngen, Fotosafaris und Recherchen konnte ich viel f\u00fcr mich Neues \u00fcber meine Heimatstadt, von der ich dachte, sie in- und auswendig zu kennen, erfahren. Ich hoffe der Leser hat ebenso viel Spa\u00df und Freude bei der Lekt\u00fcre und auf eigenen Erkundungen wie ich ihn beim Schreiben hatte.<\/p>\n<p>[\/et_pb_toggle][\/et_pb_column][et_pb_column type=&#8220;1_2&#8243; _builder_version=&#8220;4.27.0&#8243; _module_preset=&#8220;default&#8220; global_colors_info=&#8220;{}&#8220;][et_pb_toggle title=&#8220;Einleitende Worte&#8220; open_toggle_text_color=&#8220;#e09900&#8243; open_toggle_background_color=&#8220;#ffffff&#8220; closed_toggle_text_color=&#8220;#e09900&#8243; closed_toggle_background_color=&#8220;#ffffff&#8220; icon_color=&#8220;#e09900&#8243; open_icon_color=&#8220;#e09900&#8243; admin_label=&#8220;Einleitende Worte&#8220; _builder_version=&#8220;4.27.4&#8243; _module_preset=&#8220;default&#8220; title_text_color=&#8220;#e09900&#8243; title_font_size=&#8220;18px&#8220; border_radii=&#8220;on|5px|5px|5px|5px&#8220; box_shadow_style=&#8220;preset1&#8243; global_colors_info=&#8220;{}&#8220;]<\/p>\n<p>Die Identit\u00e4t einer Stadt speist sich aus ihren Geb\u00e4uden, ihren Besuchern und Einwohnern. Aus Rom wurde die <em>Ewige Stadt<\/em>, aus Paris die <em>Stadt der Liebe<\/em> und aus New York die Stadt, die niemals schl\u00e4ft. Auch Innsbruck h\u00e4ufte im Lauf der letzten 2000 Jahre einiges an anekdotischem und historischem F\u00fcllstoff an. Es gibt nicht das EINE Innsbruck, jede Zeit hat ihr Innsbruck. Schaut man sich alte Stadtveduten und Panoramen Innsbrucks an, wie sehr sich die Stadt ver\u00e4nderte. Das Innsbruck von 1500 hat ebenso wenig zu tun mit dem Innsbruck von 1800 wie das von 1900 mit dem von 2000. Lange war Innsbruck nicht mehr als eine kleine befestigte Stadt, eine Br\u00fccke mit Zollstation zwischen den Handelszentren n\u00f6rdlich und s\u00fcdlich des Brenners. Ein paar Revolutionen, Weltkriege, Olympiaden und Erweiterungs- und Umbauphasen sp\u00e4ter ist Innsbruck seit der Jahrtausendwende selbsternannte \u201eWeltstadt\u201c. Oder Sportstadt. Oder die Hauptstadt der Alpen. Oder hippe, junge Universit\u00e4tsstadt. Es liegt ganz im Auge des Betrachters sowie den Umst\u00e4nden und der Epoche seines Aufenthalts. Je nachdem wer, wann und mit welchem Hintergrund \u00fcber Innsbruck erz\u00e4hlte, lieferte eine andere Ansicht der Stadt und pr\u00e4gte damit auch ihre Identit\u00e4t.<\/p>\n<p>\u201e<em>Bei Zirl f\u00e4hrt man ins Inntal herab. Die Lage ist unbeschreiblich sch\u00f6n, und der hohe Sonnenduft machte sie ganz herrlich. Der Postillon eilte mehr, als ich w\u00fcnschte: er hatte noch keine Messe geh\u00f6rt und wollte sie in Innsbruck, es war eben Marientag, um desto and\u00e4chtiger zu sich nehmen. Nun rasselte es immer an dem Inn hinab, an der Martinswand vorbei, einer steil abgehenden ungeheuern Kalkwand. Zu dem Platze, wohin Kaiser Maximilian sich verstiegen haben soll, getraute ich mir wohl ohne Engel hin und her zu kommen, ob es gleich immer ein frevelhaftes Unternehmen w\u00e4re.<\/em> <em>Innsbruck liegt herrlich in einem breiten, reichen Tale zwischen hohen Felsen und Gebirgen. Erst wollte ich dableiben, aber es lie\u00df mir keine Ruhe. Kurze Zeit ergetzte ich mich an dem Sohne des Wirts, einem leibhaftigen S\u00f6ller. So begegnen mir nach und nach meine Menschen. Das Fest Mari\u00e4 Geburt zu feiern, ist alles geputzt. Gesund und wohlh\u00e4big, zu Scharen, wallfahrten sie nach Wilten, einem Andachtsorte, eine Viertelstunde von der Stadt gegen das Gebirge zu. Um zwei Uhr, als mein rollender Wagen das muntere bunte Gedr\u00e4nge teilte, war alles in frohem Zug und Gang.<\/em>\u201c<\/p>\n<p>Das notierte Johann Wolfgang Goethe 1786 am Brenner in sein Tagebuch, nachdem er am Weg Richtung Italien die Stadt passiert hatte. Der Dichterf\u00fcrst war ein Vertreter der fr\u00fchen Romantik und ein Kind der Zeit der Aufkl\u00e4rung. Die exotischen Alpenbewohner Tirols mit ihrem b\u00e4uerlichen Erscheinungsbild und ihre Br\u00e4uche sowie die wilde Bergwelt faszinierten ihn. Es waren Berichte von Schriftstellern wie Goethe, die den Grundstein f\u00fcr den Tourismus im Alpenraum legen sollten. N\u00fcchterner klang die Beschreibung 70 Jahre sp\u00e4ter. Innsbrucker m\u00f6gen heute zu Recht stolz auf ihre Altstadt sein. Im 19. Jahrhundert hingegen hielt man nicht viel von den alten Gem\u00e4uern. Auch Innsbruck war vom Rausch der Modernisierung ergriffen worden, eine komplette Umgestaltung der Altstadt wurde mehr als nur erwogen. 1862 k\u00fcrte man bereits einen Siegerentwurf f\u00fcr das neue, neogotische Rathaus an der Stelle, an der sich heute das <em>Alte Rathaus<\/em> samt Stadtturm befindet. Aus heutiger Sicht ist es ein Gl\u00fccksfall, dass damals die Mittel fehlten, um die k\u00fchnen Pl\u00e4ne umzusetzen. In einem Reisebericht aus dem Jahr 1846 ist Folgendes \u00fcber den alten Teil der Stadt \u201e<em>am Fu\u00dfe dieser Gebirgsdekoration im\u00a0Innthale<\/em>\u201c zu lesen:<\/p>\n<p>\u201e<em>Alterth\u00fcmliche Baudenkmale von Kunstinteresse besitzt Innsbruck, mit Ausnahme des\u00a0goldnen Dachlgeb\u00e4udes, keine. Zu dem freundlichen Eindruck, den ihr Anblick von dieser Seite hervorbringt, tr\u00e4gt der Umstand wesentlich bei, da\u00df sie nicht, wie man vermuthen k\u00f6nnte, aus einer Mehrzahl von alterth\u00fcmlichen, sondern im Gegentheil von neuern Geb\u00e4uden besteht\u2026 Die H\u00e4user der Altstadt, mit Laubeng\u00e4ngen nach italienischer Sitte versehen, sind mehrentheils von \u00e4lterer, schlechter Bauart.<\/em>\u201c<\/p>\n<p>Die Zwischenkriegszeit war weniger poetisch als das Zeitalter der Romantik Goethes und lie\u00df auch die Euphorie des 19. Jahrhunderts vermissen. In den 1920er Jahren lie\u00df der Schriftsteller \u00d6d\u00f6n von Horvath (1901 \u2013 1938), ein spitzz\u00fcngiger Zyniker, der die Schrecken des ersten Weltkriegs und den Zerfall \u00d6sterreich-Ungarns erlebt hatte, seine Romanfigur Kobler im Buch<em> \u201cDer ewige Spie\u00dfer\u201c <\/em>noch profaner \u00fcber Innsbruck denken.<\/p>\n<p><em>\u201eUnter dieser Dunstwolke lag Innsbruck, die Hauptstadt des heiligen Landes Tirol. Kobler wusste nichts weiter von ihr, als dass sie ein ber\u00fchmtes goldenes Dachl hat, einen preiswerten Tiroler Wein und dass der Reisende, der von Westen ankommt, zur linken Hand einige gro\u00dfe Bordelle sehen kann.<\/em>\u201c<\/p>\n<p>St\u00e4dte sind erlebbare Historie. Architektur, Bauweise, Material und Zweck von Geb\u00e4uden sind Hinweise auf politische, kulturelle, finanzielle und soziale Umst\u00e4nde, unter denen sie entstanden. Die Geschichte einer Stadt endet nicht an ihren \u00f6rtlichen Grenzen. Stilrichtungen wie Barock, Historismus oder Brutalismus waren keine Innsbrucker Eigenheit. Kunstwerke, Geb\u00e4ude und Stadtteile entstanden nicht ohne Grund. Die gotischen H\u00e4user der Altstadt erz\u00e4hlen von der Entwicklung Innsbrucks im Mittelalter und der fr\u00fchen Neuzeit. Anhand der Stadtpal\u00e4ste der Aristokratie in der Maria-Theresienstra\u00dfe lassen sich der fr\u00fche Kapitalismus und die Anf\u00e4nge vom Ende der Feudalwirtschaft verfolgen. Das Zeughaus gibt einen Einblick in eine Zeit, in der Innsbruck das milit\u00e4rische R\u00fcstungs- und Machtzentrum des alpinen Raums war. Die Wohnh\u00e4user Wiltens, des Saggens und Pradls zeigen das Wachstum und die sozialen, wirtschaftlichen und kulturellen Ver\u00e4nderungen des 19. Jahrhunderts. Die oft wenig ansehnlichen Bauten der Zweiten H\u00e4lfte des 20. Jahrhunderts zeugen von den Luftangriffen, der kargen Nachkriegszeit und dem Wiederaufschwung, w\u00e4hrend die Sportst\u00e4tten den Geist von zwei olympischen Spielen wiederaufleben lassen.<\/p>\n<p>Unter den 101 Orten in diesem Buch finden sich nat\u00fcrlich die \u00fcblichen Verd\u00e4chtigen wieder, die jeder Einwohner und Besucher bewusst wahrnimmt. Mindestens ebenso viel Platz wird aber Pl\u00e4tzen, Geb\u00e4uden, Stra\u00dfen, Denkm\u00e4lern einger\u00e4umt, an denen wir tagt\u00e4glich vor\u00fcbergehen, ohne uns viele Gedanken \u00fcber sie zu machen, die sich bei n\u00e4herer Betrachtung aber als nicht minder interessant erweisen. Dasselbe gilt f\u00fcr die Artikel der Kategorie Wissenswertes. Neben den wohlbekannten Akteuren der Stadtgeschichte wie Maximilian, Friedrich und Ferdinand kommen auch Beamte, Handwerker, Bierbrauer, B\u00e4nker, Baumeister, Hochschulprofessoren und Schausteller zu Wort, um die Geschichte Innsbrucks zu erz\u00e4hlen.<\/p>\n<p>[\/et_pb_toggle][\/et_pb_column][\/et_pb_row][\/et_pb_section]<\/p>\n","protected":false},"excerpt":{"rendered":"<p>Ein Reisef\u00fchrer durch Innsbruck und die Zeit#innsbrooklyn Sehensw\u00fcrdigkeitenGeschichte(n)Shop#discover&#8230; Top 10 in Innsbruck Die Top-Sights InnsbrooklynsTake a walk&#8230; Vorschl\u00e4ge, um Innsbruck kennenzulernen &#8230;aus der Stadtgeschichte Deine t\u00e4gliche Portion Wissenswertes Innsbruck.\u00a0 Ich lege in Innsbruck beinahe alle Strecken zu Fu\u00df oder mit dem Rad zur\u00fcck. Bei sch\u00f6nem Wetter vers\u00fc\u00dfe ich mir meinen Arbeitsweg von Amras im Osten [&hellip;]<\/p>\n","protected":false},"author":1,"featured_media":56317,"parent":0,"menu_order":0,"comment_status":"closed","ping_status":"closed","template":"","meta":{"_et_pb_use_builder":"on","_et_pb_old_content":"","_et_gb_content_width":"","footnotes":""},"class_list":["post-2333","page","type-page","status-publish","has-post-thumbnail","hentry"],"_links":{"self":[{"href":"https:\/\/www.discover-innsbruck.at\/en\/wp-json\/wp\/v2\/pages\/2333","targetHints":{"allow":["GET"]}}],"collection":[{"href":"https:\/\/www.discover-innsbruck.at\/en\/wp-json\/wp\/v2\/pages"}],"about":[{"href":"https:\/\/www.discover-innsbruck.at\/en\/wp-json\/wp\/v2\/types\/page"}],"author":[{"embeddable":true,"href":"https:\/\/www.discover-innsbruck.at\/en\/wp-json\/wp\/v2\/users\/1"}],"replies":[{"embeddable":true,"href":"https:\/\/www.discover-innsbruck.at\/en\/wp-json\/wp\/v2\/comments?post=2333"}],"version-history":[{"count":0,"href":"https:\/\/www.discover-innsbruck.at\/en\/wp-json\/wp\/v2\/pages\/2333\/revisions"}],"wp:featuredmedia":[{"embeddable":true,"href":"https:\/\/www.discover-innsbruck.at\/en\/wp-json\/wp\/v2\/media\/56317"}],"wp:attachment":[{"href":"https:\/\/www.discover-innsbruck.at\/en\/wp-json\/wp\/v2\/media?parent=2333"}],"curies":[{"name":"wp","href":"https:\/\/api.w.org\/{rel}","templated":true}]}}