{"id":61731,"date":"2025-02-13T15:10:34","date_gmt":"2025-02-13T15:10:34","guid":{"rendered":"https:\/\/www.discover-innsbruck.at\/?page_id=61731"},"modified":"2025-02-13T15:26:47","modified_gmt":"2025-02-13T15:26:47","slug":"kontakt","status":"publish","type":"page","link":"https:\/\/www.discover-innsbruck.at\/en\/kontakt\/","title":{"rendered":"Kontakt"},"content":{"rendered":"<p>[et_pb_section fb_built=&#8220;1&#8243; _builder_version=&#8220;4.16&#8243; _module_preset=&#8220;default&#8220; global_colors_info=&#8220;{}&#8220;][et_pb_row _builder_version=&#8220;4.16&#8243; _module_preset=&#8220;default&#8220; global_colors_info=&#8220;{}&#8220;][et_pb_column type=&#8220;4_4&#8243; _builder_version=&#8220;4.16&#8243; _module_preset=&#8220;default&#8220; global_colors_info=&#8220;{}&#8220;][et_pb_text _builder_version=&#8220;4.27.4&#8243; _module_preset=&#8220;default&#8220; hover_enabled=&#8220;0&#8243; global_colors_info=&#8220;{}&#8220; sticky_enabled=&#8220;0&#8243;]<\/p>\n<p><strong>Kontakt<\/strong><\/p>\n<p>Christoph Kluge<br \/>Philippine-Welser-Strasse 20<br \/>A \u2013 6020 Innsbruck<br \/>E-Mail: info [at] discover-innsbruck.at<br \/>Telefon: +43 699 1817 9977<\/p>\n<p>Irren ist menschlich, und niemand ist perfekt \u2013 das ist allgemein bekannt. Daher freue ich mich \u00fcber alle Zuschriften, die mich auf Unzul\u00e4nglichkeiten, Fehler, Anregungen oder Erg\u00e4nzungen zu diesem Projekt hinweisen.<\/p>\n<p>&nbsp;<\/p>\n<p>[\/et_pb_text][\/et_pb_column][\/et_pb_row][\/et_pb_section]<\/p>\n","protected":false},"excerpt":{"rendered":"<p>Kontakt Christoph KlugePhilippine-Welser-Strasse 20A \u2013 6020 InnsbruckE-Mail: info [at] discover-innsbruck.atTelefon: +43 699 1817 9977 Irren ist menschlich, und niemand ist perfekt \u2013 das ist allgemein bekannt. Daher freue ich mich \u00fcber alle Zuschriften, die mich auf Unzul\u00e4nglichkeiten, Fehler, Anregungen oder Erg\u00e4nzungen zu diesem Projekt hinweisen. &nbsp;<\/p>\n","protected":false},"author":1,"featured_media":0,"parent":0,"menu_order":0,"comment_status":"closed","ping_status":"closed","template":"","meta":{"_et_pb_use_builder":"on","_et_pb_old_content":"","_et_gb_content_width":"","footnotes":""},"class_list":["post-61731","page","type-page","status-publish","hentry"],"_links":{"self":[{"href":"https:\/\/www.discover-innsbruck.at\/en\/wp-json\/wp\/v2\/pages\/61731","targetHints":{"allow":["GET"]}}],"collection":[{"href":"https:\/\/www.discover-innsbruck.at\/en\/wp-json\/wp\/v2\/pages"}],"about":[{"href":"https:\/\/www.discover-innsbruck.at\/en\/wp-json\/wp\/v2\/types\/page"}],"author":[{"embeddable":true,"href":"https:\/\/www.discover-innsbruck.at\/en\/wp-json\/wp\/v2\/users\/1"}],"replies":[{"embeddable":true,"href":"https:\/\/www.discover-innsbruck.at\/en\/wp-json\/wp\/v2\/comments?post=61731"}],"version-history":[{"count":0,"href":"https:\/\/www.discover-innsbruck.at\/en\/wp-json\/wp\/v2\/pages\/61731\/revisions"}],"wp:attachment":[{"href":"https:\/\/www.discover-innsbruck.at\/en\/wp-json\/wp\/v2\/media?parent=61731"}],"curies":[{"name":"wp","href":"https:\/\/api.w.org\/{rel}","templated":true}]}}