{"id":61734,"date":"2025-02-13T15:19:30","date_gmt":"2025-02-13T15:19:30","guid":{"rendered":"https:\/\/www.discover-innsbruck.at\/?page_id=61734"},"modified":"2025-02-13T15:19:34","modified_gmt":"2025-02-13T15:19:34","slug":"kooperation","status":"publish","type":"page","link":"https:\/\/www.discover-innsbruck.at\/en\/kooperation\/","title":{"rendered":"Co-operation"},"content":{"rendered":"<p>[et_pb_section fb_built=&#8220;1&#8243; _builder_version=&#8220;4.16&#8243; _module_preset=&#8220;default&#8220; global_colors_info=&#8220;{}&#8220; theme_builder_area=&#8220;post_content&#8220;][et_pb_row _builder_version=&#8220;4.16&#8243; _module_preset=&#8220;default&#8220; global_colors_info=&#8220;{}&#8220; theme_builder_area=&#8220;post_content&#8220;][et_pb_column type=&#8220;4_4&#8243; _builder_version=&#8220;4.16&#8243; _module_preset=&#8220;default&#8220; global_colors_info=&#8220;{}&#8220; theme_builder_area=&#8220;post_content&#8220;][et_pb_text _builder_version=&#8220;4.27.4&#8243; _module_preset=&#8220;default&#8220; hover_enabled=&#8220;0&#8243; global_colors_info=&#8220;{}&#8220; theme_builder_area=&#8220;post_content&#8220; sticky_enabled=&#8220;0&#8243;]<\/p>\n<p><strong>Kooperation und Zusammenarbeit<\/strong><\/p>\n<p>Die Inhalte, Texte und Fotos sind in jahrelanger Arbeit im Rahmen von Interesse und Hobby entstanden. Ich w\u00fcrde mich freuen, wenn ich damit zu einem gemeinn\u00fctzigen Projekt oder einem guten Zweck beitragen k\u00f6nnte. Die Anwendungsm\u00f6glichkeiten dieser Inhalte sind sowohl digital wie auch analog recht vielf\u00e4ltig, die Ideen daf\u00fcr liegen in der Schublade. Was fehlt ist ein Partner, der den guten Zweck repr\u00e4sentiert&#8230;.\u00a0<\/p>\n<p>F\u00fcr alle, die diese Inhalte zu kommerziellen Zwecken nutzen m\u00f6chten, Hotels, touristische Einrichtungen oder Marketingvereine, auch hier wird sich eine M\u00f6glichkeit finden lassen. Pecunia non olet, wie der gemeine Lateiner und Klugschei**** zu sagen pflegt.<\/p>\n<p>&nbsp;<\/p>\n<p>Christoph Kluge<br \/>Philippine-Welser-Strasse 20<br \/>A \u2013 6020 Innsbruck<\/p>\n<p>E-Mail: info [at] discover-innsbruck.at<br \/>Telefon: +43 699 1817 9977<\/p>\n<p>&nbsp;<\/p>\n<p>[\/et_pb_text][\/et_pb_column][\/et_pb_row][\/et_pb_section]<\/p>\n","protected":false},"excerpt":{"rendered":"<p>Kooperation und Zusammenarbeit Die Inhalte, Texte und Fotos sind in jahrelanger Arbeit im Rahmen von Interesse und Hobby entstanden. Ich w\u00fcrde mich freuen, wenn ich damit zu einem gemeinn\u00fctzigen Projekt oder einem guten Zweck beitragen k\u00f6nnte. Die Anwendungsm\u00f6glichkeiten dieser Inhalte sind sowohl digital wie auch analog recht vielf\u00e4ltig, die Ideen daf\u00fcr liegen in der Schublade. [&hellip;]<\/p>\n","protected":false},"author":1,"featured_media":0,"parent":0,"menu_order":0,"comment_status":"closed","ping_status":"closed","template":"","meta":{"_et_pb_use_builder":"on","_et_pb_old_content":"","_et_gb_content_width":"","footnotes":""},"class_list":["post-61734","page","type-page","status-publish","hentry"],"_links":{"self":[{"href":"https:\/\/www.discover-innsbruck.at\/en\/wp-json\/wp\/v2\/pages\/61734","targetHints":{"allow":["GET"]}}],"collection":[{"href":"https:\/\/www.discover-innsbruck.at\/en\/wp-json\/wp\/v2\/pages"}],"about":[{"href":"https:\/\/www.discover-innsbruck.at\/en\/wp-json\/wp\/v2\/types\/page"}],"author":[{"embeddable":true,"href":"https:\/\/www.discover-innsbruck.at\/en\/wp-json\/wp\/v2\/users\/1"}],"replies":[{"embeddable":true,"href":"https:\/\/www.discover-innsbruck.at\/en\/wp-json\/wp\/v2\/comments?post=61734"}],"version-history":[{"count":0,"href":"https:\/\/www.discover-innsbruck.at\/en\/wp-json\/wp\/v2\/pages\/61734\/revisions"}],"wp:attachment":[{"href":"https:\/\/www.discover-innsbruck.at\/en\/wp-json\/wp\/v2\/media?parent=61734"}],"curies":[{"name":"wp","href":"https:\/\/api.w.org\/{rel}","templated":true}]}}