{"id":853,"date":"2020-08-27T14:01:42","date_gmt":"2020-08-27T14:01:42","guid":{"rendered":"https:\/\/www.discover-innsbruck.at\/?page_id=853"},"modified":"2020-09-01T14:03:06","modified_gmt":"2020-09-01T14:03:06","slug":"datenschutz","status":"publish","type":"page","link":"https:\/\/www.discover-innsbruck.at\/en\/datenschutz\/","title":{"rendered":"Privacy"},"content":{"rendered":"<p>[et_pb_section fb_built=&#8220;1&#8243; _builder_version=&#8220;4.6.0&#8243; _module_preset=&#8220;default&#8220;][et_pb_row _builder_version=&#8220;4.6.0&#8243; _module_preset=&#8220;default&#8220;][et_pb_column type=&#8220;4_4&#8243; _builder_version=&#8220;4.6.0&#8243; _module_preset=&#8220;default&#8220;][et_pb_text _builder_version=&#8220;4.6.0&#8243; _module_preset=&#8220;default&#8220;]<\/p>\n<h1>Datenschutzerkl\u00e4rung<\/h1>\n<p>Keine Sorge, eure Daten sind uns wichtig und wir haben kein Interesse daran sie zu verwenden, zu verkaufen, zu verschenken oder sonst in irgendeiner Art und Weise Dritten zug\u00e4nglich zu machen. Ebenso werden wir euch nicht mit E-Mails oder sonstigem Spam bel\u00e4stigen. Im Folgenden stellen wir das nochmals rechtlich abgesichert im Detail dar.<\/p>\n<p>Wir freuen uns \u00fcber Ihr Interesse an der Webseite www.discover-innsbruck.at (\u201eWebseite\u201c). Der Schutz Ihrer Privatsph\u00e4re und die gesetzeskonforme Erhebung, Verarbeitung und Nutzung Ihrer Daten ist uns ein besonderes Anliegen.<br \/>Nachfolgend informieren wir Sie dar\u00fcber, welche Ihrer Daten wir auf der Webseite erheben und f\u00fcr welche Zwecke wir diese verarbeiten und nutzen.<\/p>\n<p><strong>1. Verantwortliche Stelle <\/strong><br \/>1.1. Verantwortliche Stelle im Sinne der Datenschutzgesetze ist die online-sales.at GmbH, Philippine Welser Str. 20,6020 Innsbruck (nachfolgend \u201euns\u201c oder \u201ewir\u201c)<br \/>1.2. F\u00fcr die Erhebung, Verarbeitung und Nutzung Ihrer Daten sind grunds\u00e4tzlich wir zust\u00e4ndig.<\/p>\n<p><strong>2. Datenerhebung, -verarbeitung und -nutzung Ihrer Daten bei Besuch unserer Webseite<\/strong><\/p>\n<p>Sie k\u00f6nnen unsere Webseite besuchen, ohne Angaben zu Ihrer Person zu machen. Der Webserver der Webseite erhebt nur technisch bedingt die Daten, welche Ihr Serviceprovider und der von Ihnen benutzte Browser mittels http-Header bei Aufruf der Webseite automatisch \u00fcbermitteln. Dies sind regelm\u00e4\u00dfig folgende Daten:<\/p>\n<p>\u2013 der Name Ihres Internet-Service-Providers,<br \/>\u2013 die Ihnen zugewiesene IP-Adresse,<br \/>\u2013 die Adresse der Internetseite, von der aus Sie unsere Webseite besuchen,<br \/>\u2013 die von Ihnen besuchten Unterseiten unserer Webseite sowie<br \/>\u2013 Datum und Dauer Ihres Besuches auf unserer Webseite.<br \/>Diese Daten verbinden wir nicht mit weiteren Informationen, die uns eine Identifizierung Ihrer Person erm\u00f6glichen w\u00fcrden. Diese Daten werden ausschlie\u00dflich zur Verbesserung unseres Webangebotes ausgewertet und erlauben uns keinen R\u00fcckschluss auf Ihre Person.<\/p>\n<p><strong>3. Erhebung, Verarbeitung und Nutzung der von Ihnen angegebenen Daten <\/strong><br \/>3.1. Wir erheben Ihre Daten, wenn Sie uns diese im Rahmen einer Kontaktaufnahme mitteilen. Die Verarbeitung und Nutzung Ihrer bei Kontaktaufnahme angegebenen Daten erfolgt ausschlie\u00dflich zum Zwecke der Beantwortung Ihres Anliegens und f\u00fcr etwaige Nachfragen.<\/p>\n<p><strong>4. Cookies<\/strong><br \/>4.1. Beim ersten Besuch unserer Webseite von einem Ihrer Endger\u00e4te aus, werden Sie darauf hingewiesen, dass bei Nutzung der Webseite so genannte Cookies auf Ihr Endger\u00e4t geladen werden k\u00f6nnen. Soweit Sie unsere Webseite nach dieser Information weiternutzen, erkl\u00e4ren Sie hierdurch Ihre Einwilligung zur Nutzung dauerhafter Cookies durch uns.<br \/>4.2. Cookies und Flash Cookies sind alphanumerische Identifizierungszeichen, die bei Aufruf unserer Webseite auf die Festplatte Ihres Endger\u00e4ts \u00fcbermittelt werden. Diese erm\u00f6glichen es bei einem sp\u00e4teren Besuch der Webseite, Ihren Browser zu erkennen und dienen vor allem dazu, den Besuch der Webseite angenehmer und individueller zu gestalten. Cookies erm\u00f6glichen es uns, Sie als einen bestimmten Nutzer zu erkennen und Ihre Vorlieben bei der Nutzung der Webseite zu speichern. Dies hat f\u00fcr Sie insbesondere den Vorteil, dass Sie die in den Cookies enthaltenen Informationen nicht bei jedem Besuch der Webseite erneut eingeben m\u00fcssen.<br \/>4.3. In den Einstellungen Ihres Browserprogramms k\u00f6nnen Sie die Nutzung der Cookies unterbinden. Die Hilfe-Funktion in der Men\u00fcleiste der meisten Webbrowser erkl\u00e4rt Ihnen, wie Sie Ihren Browser so einrichten, dass neue Cookies nie akzeptiert, Cookies nur nach Hinweis und durch Sie oder aber immer automatisch gesetzt werden. \u00c4hnliche Funktionen wie Flash Cookies, die durch Browser-Add-On genutzt werden, k\u00f6nnen Sie durch die \u00c4nderung der Einstellungen des Browser-Add-On oder auch \u00fcber die Webseite des Herstellers des Browser Add-On ausschalten oder l\u00f6schen.<\/p>\n<p>4.4. Session-Cookies bed\u00fcrfen nicht Ihrer vorherigen Einwilligung, da sie nach Verlassen der Webseite gel\u00f6scht werden. Diese erm\u00f6glichen Ihnen, einige wesentliche Funktionen unseres Webangebotes zu nutzen, so dass wir Ihnen empfehlen, Ihren Browser jedenfalls so einzustellen, dass Cookies nicht automatisch abgelehnt werden, sondern Sie dies im Einzelfall entscheiden k\u00f6nnen. Wir weisen Sie darauf hin, dass einige Bereiche der Webseite m\u00f6glicherweise nicht ordnungsgem\u00e4\u00df funktionieren, wenn Ihr Browser so eingestellt ist, dass die Annahme von Cookies oder \u00e4hnlicher Mechanismen verweigert wird.<\/p>\n<p><strong>5. Google Analytics mit der Erweiterung \u201eanonymize IP\u201c<\/strong><br \/>Diese Webseite benutzt Google Analytics, einen Webanalysedienst der Google Inc., 1600 Amphitheatre Parkway, Mountain View, CA 94043, USA (nachfolgend \u201eGoogle\u201c). Google Analytics verwendet sog. \u201eCookies\u201c, dies sind Textdateien, welche auf Ihrem Endger\u00e4t gespeichert werden und die eine Analyse der Benutzung der Webseite durch Sie erm\u00f6glichen. Die durch das Cookie erzeugten Informationen \u00fcber Ihre Benutzung dieser Webseite werden in der Regel an einen Server von Google in den USA \u00fcbertragen und dort gespeichert. Im Falle der Aktivierung der IP-Anonymisierung auf dieser Webseite, wird Ihre IP-Adresse von Google jedoch innerhalb von Mitgliedstaaten der Europ\u00e4ischen Union oder in anderen Vertragsstaaten des Abkommens \u00fcber den Europ\u00e4ischen Wirtschaftsraum zuvor gek\u00fcrzt. Nur in Ausnahmef\u00e4llen wird die volle IP-Adresse an einen Server von Google in den USA \u00fcbertragen und dort gek\u00fcrzt. In unserem Auftrag wird Google diese Informationen benutzen, um Ihre Nutzung der Webseite auszuwerten, um Reports \u00fcber die Webseitenaktivit\u00e4ten zusammenzustellen und um weitere mit der Webseitennutzung und der Internetnutzung verbundene Dienstleistungen gegen\u00fcber uns zu erbringen. Die im Rahmen von Google Analytics von Ihrem Browser \u00fcbermittelte IP-Adresse wird nicht mit anderen Daten von Google zusammengef\u00fchrt. Sie k\u00f6nnen die Speicherung der Cookies durch eine entsprechende Einstellung Ihrer Browser-Software verhindern; wir weisen Sie jedoch darauf hin, dass Sie in diesem Fall gegebenenfalls nicht s\u00e4mtliche Funktionen der Webseite vollumf\u00e4nglich werden nutzen k\u00f6nnen. Sie k\u00f6nnen dar\u00fcber hinaus die Erfassung der durch das Cookie erzeugten und auf Ihre Nutzung der Webseite bezogenen Daten (inkl. Ihrer IP-Adresse) an Google sowie die Verarbeitung dieser Daten durch Google verhindern, indem Sie das unter dem folgenden Link verf\u00fcgbare Browser-Plugin herunterladen und installieren: https:\/\/tools.google.com\/dlpage\/gaoptout?hl=de<br \/>Sie k\u00f6nnen die Erfassung Ihrer Daten durch Google Analytics zudem verhindern, wenn Sie den unter nachfolgendem Link erh\u00e4ltlichen Opt-Out-Cookie setzen. Dieser verhindert die Erfassung Ihrer Daten bei zuk\u00fcnftigen Besuchen auf unserer Webseite:<br \/>Google Analytics deaktivieren<br \/>Weitere Informationen zu den Datenschutzbedingungen f\u00fcr Google-Analytics finden Sie unter<br \/>https:\/\/www.google.de\/intl\/de\/policies\/privacy\/.<br \/>Wir weisen Sie zudem darauf hin, dass Google Analytics auf der Webseite um den Code \u201egat._anonymizeIp();\u201c erweitert wurde, damit nur eine anonymisierte Erfassung Ihrer IP-Adresse erfolgt. Damit kommen wir auch hier nicht in den Besitz von Daten, die f\u00fcr uns R\u00fcckschl\u00fcsse auf Ihre Person zulassen.<\/p>\n<p><strong>6. Dauer der Speicherung<\/strong><br \/>Wir speichern ihre Daten nicht l\u00e4nger, als dies f\u00fcr die in dieser Datenschutzerkl\u00e4rung genannten Zwecke erforderlich ist.<\/p>\n<p><strong>7. Links zu anderen Webseiten<\/strong><br \/>Im Rahmen unserer Webseite verlinken wir gegebenenfalls zu anderen Webseiten. Bei Bet\u00e4tigen eines solchen Links, haben wir leider keinen Einfluss mehr auf die Erhebung, Verarbeitung und Nutzung Ihrer Daten durch Dritte. Aus diesem Grunde k\u00f6nnen wir hierf\u00fcr leider keine Verantwortung \u00fcbernehmen.<\/p>\n<p><strong>8. Auskunfts- und Widerspruchsrecht<\/strong><br \/>Nach dem Datenschutzgesetz haben Sie ein Recht auf unentgeltliche Auskunft \u00fcber Ihre bei uns gespeicherten Daten sowie ggf. ein Recht auf Berichtigung, Sperrung oder L\u00f6schung dieser Daten. Sollten Sie hierzu Fragen oder Anmerkungen haben oder der Verwendung Ihrer Daten zum Zwecke der Werbung oder der Markt- oder Meinungsforschung widersprechen wollen, schreiben Sie bitte an:<\/p>\n<p>online-selbst.at GmbH<br \/>Philippine Welser Str. 20<br \/>6020 Innsbruck<br \/>Info[at]online-sales.at<\/p>\n<p>[\/et_pb_text][\/et_pb_column][\/et_pb_row][\/et_pb_section]<\/p>\n","protected":false},"excerpt":{"rendered":"<p>Datenschutzerkl\u00e4rung Keine Sorge, eure Daten sind uns wichtig und wir haben kein Interesse daran sie zu verwenden, zu verkaufen, zu verschenken oder sonst in irgendeiner Art und Weise Dritten zug\u00e4nglich zu machen. Ebenso werden wir euch nicht mit E-Mails oder sonstigem Spam bel\u00e4stigen. Im Folgenden stellen wir das nochmals rechtlich abgesichert im Detail dar. Wir [&hellip;]<\/p>\n","protected":false},"author":1,"featured_media":0,"parent":0,"menu_order":0,"comment_status":"closed","ping_status":"closed","template":"","meta":{"_et_pb_use_builder":"on","_et_pb_old_content":"","_et_gb_content_width":"","footnotes":""},"class_list":["post-853","page","type-page","status-publish","hentry"],"_links":{"self":[{"href":"https:\/\/www.discover-innsbruck.at\/en\/wp-json\/wp\/v2\/pages\/853","targetHints":{"allow":["GET"]}}],"collection":[{"href":"https:\/\/www.discover-innsbruck.at\/en\/wp-json\/wp\/v2\/pages"}],"about":[{"href":"https:\/\/www.discover-innsbruck.at\/en\/wp-json\/wp\/v2\/types\/page"}],"author":[{"embeddable":true,"href":"https:\/\/www.discover-innsbruck.at\/en\/wp-json\/wp\/v2\/users\/1"}],"replies":[{"embeddable":true,"href":"https:\/\/www.discover-innsbruck.at\/en\/wp-json\/wp\/v2\/comments?post=853"}],"version-history":[{"count":0,"href":"https:\/\/www.discover-innsbruck.at\/en\/wp-json\/wp\/v2\/pages\/853\/revisions"}],"wp:attachment":[{"href":"https:\/\/www.discover-innsbruck.at\/en\/wp-json\/wp\/v2\/media?parent=853"}],"curies":[{"name":"wp","href":"https:\/\/api.w.org\/{rel}","templated":true}]}}