{"id":856,"date":"2020-08-27T14:07:04","date_gmt":"2020-08-27T14:07:04","guid":{"rendered":"https:\/\/www.discover-innsbruck.at\/?page_id=856"},"modified":"2025-01-28T08:44:50","modified_gmt":"2025-01-28T08:44:50","slug":"impressum","status":"publish","type":"page","link":"https:\/\/www.discover-innsbruck.at\/en\/impressum\/","title":{"rendered":"Imprint"},"content":{"rendered":"<p>[et_pb_section fb_built=&#8220;1&#8243; _builder_version=&#8220;4.16&#8243; _module_preset=&#8220;default&#8220; global_colors_info=&#8220;{}&#8220;][et_pb_row _builder_version=&#8220;4.16&#8243; _module_preset=&#8220;default&#8220; global_colors_info=&#8220;{}&#8220;][et_pb_column type=&#8220;4_4&#8243; _builder_version=&#8220;4.16&#8243; _module_preset=&#8220;default&#8220; global_colors_info=&#8220;{}&#8220;][et_pb_text _builder_version=&#8220;4.27.4&#8243; _module_preset=&#8220;default&#8220; hover_enabled=&#8220;0&#8243; global_colors_info=&#8220;{}&#8220; sticky_enabled=&#8220;0&#8243;]<\/p>\n<p><strong>Kontakt<\/strong><\/p>\n<p>Christoph Kluge<br \/>Philippine-Welser-Strasse 20<br \/>A \u2013 6020 Innsbruck<\/p>\n<p>Tel: +43 699 1817 9977<br \/>E-Mail: info [at] discover-innsbruck.at<\/p>\n<p><strong>Disclaimer<\/strong><\/p>\n<p><strong>Datenschutz<\/strong><br \/>Wir verwenden auf dieser Seite Google Analytics. Personenbezogene Daten werden nach dem \u00f6sterreichischen Datenschutzgesetz behandelt. Durch die \u00dcbersendung Ihrer pers\u00f6nlichen Daten im Rahmen einer Buchung erkl\u00e4ren Sie sich einverstanden, dass Ihre Daten bei unseren Partnern gespeichert werden und zu Zwecken des Marketings und der Werbung \u00fcber Produkte und Dienstleistungen eingesetzt werden k\u00f6nnen. Ihre Daten werden nicht an Dritte weitergegeben (ausgenommen Daten die zur Abwicklung und Durchf\u00fchrung Ihrer Buchung notwendig sind). Die Zustimmung zur Datenverwendung kann jederzeit per E-Mail an info @ discover-innsbruck.at oder per Brief an den Firmensitz von Christoph Kluge widerrufen werden.<\/p>\n<p><strong>Texte und Bilder<\/strong><br \/>F\u00fcr die historischen Bilder bedanken wir uns beim Stadtarchiv Innsbruck. Das Copyright auf die Texte liegt bei Christoph Kluge. Kopieren und Zuwiderhandlungen jeder Art sind verboten.<\/p>\n<p><strong>Links<\/strong><br \/>Die Verlinkungen auf unsere Partner werden sorgf\u00e4ltig gepr\u00fcft. F\u00fcr externe Inhalte, auf die diese Seite verlinkt, k\u00f6nnen wir aber keine Haftung \u00fcbernehmen. F\u00fcr Inhalte der verlinkten Seiten haftet ausschlie\u00dflich der jeweils verlinkte Partner.<\/p>\n<p><strong>Abmahnungen<\/strong><br \/>Im Falle von Domainsstreitigkeiten oder wettbewerbsrechtlichen oder \u00e4hnlichen Problemen, bitten wir Sie, zur Vermeidung unn\u00f6tiger Rechtsstreite und Kosten, uns bereits im Vorfeld zu kontaktieren. Die Kostennote einer anwaltlichen Abmahnung ohne vorhergehende Kontaktaufnahme mit uns, wird im Sinne der Schadenminderungspflicht als unbegr\u00fcndet zur\u00fcckgewiesen. Keine Abmahnung ohne vorherige Kontaktaufnahme! Im Falle von wettbewerbsrechtlichen, domainrechtlichen, urheberrechtlichen oder anderen juristischen Problemen bitten wir Sie, uns zur Vermeidung unn\u00f6tiger Rechtsstreite und Kosten bereits im Vorfeld zu kontaktieren. Der Herausgeber garantieren, dass zu Recht beanstandete Passagen unverz\u00fcglich entfernt werden, ohne dass von Ihrer Seite die Einschaltung eines Rechtsbeistandes erforderlich ist. Die Kostennote einer anwaltlichen Abmahnung ohne vorhergehende Kontaktaufnahme mit dem Herausgeber wird im Sinne der Schadensminderungspflicht als unbegr\u00fcndet zur\u00fcckgewiesen, und gegebenenfalls wird Gegenklage wegen Verletzung vorgenannter Bestimmungen erhoben.<\/p>\n<p><strong>Bitte nehmen Sie mit uns unverz\u00fcglich Kontakt auf, wenn Sie<\/strong><\/p>\n<p>\u2013 in den angebotenen Inhalten von\u00a0discover-innsbruck.at eine Urheberrechtsverletzung vermuten<br \/>\u2013 sich von den angebotenen Inhalten von discover-innsbruck.at verletzt oder beleidigt f\u00fchlen oder vermuten, dass sich anderen beleidigt f\u00fchlen<br \/>\u2013 in den angebotenen Inhalten\u00a0 eine strafrechtlich relevante \u00c4u\u00dferung vermuten<br \/>\u2013 vermuten, dass Sie oder andere in den angebotenen Inhalten in Ihren Pers\u00f6nlichkeitsrechten eingeschr\u00e4nkt sind<br \/>\u2013 ein anderes Problem mit den angebotenen Inhalten haben Unbeschadet des Rechtes auf freie Meinungs\u00e4u\u00dferung und unbeschadet der anderen Punkte dieses Impressums werden wir uns selbstverst\u00e4ndlich gemeinsam mit Ihnen rasch um eine L\u00f6sung bem\u00fchen. Ihre rasche Kontaktaufnahme kann Ihnen und uns unangenehme juristische Probleme ersparen.<\/p>\n<p><strong>Inhalte<\/strong><br \/>Wir stellen die Informationen zu Sehensw\u00fcrdigkeiten und Attraktionen nach bestem Wissen und Gewissen zusammen Wir k\u00f6nnen daher keine Haftung f\u00fcr Vollst\u00e4ndigkeit und Aktualit\u00e4t der dargestellten Angebote und Informationen \u00fcbernehmen.<\/p>\n<p>[\/et_pb_text][\/et_pb_column][\/et_pb_row][\/et_pb_section]<\/p>\n","protected":false},"excerpt":{"rendered":"<p>Kontakt Christoph KlugePhilippine-Welser-Strasse 20A \u2013 6020 Innsbruck Tel: +43 699 1817 9977E-Mail: info [at] discover-innsbruck.at Disclaimer DatenschutzWir verwenden auf dieser Seite Google Analytics. Personenbezogene Daten werden nach dem \u00f6sterreichischen Datenschutzgesetz behandelt. Durch die \u00dcbersendung Ihrer pers\u00f6nlichen Daten im Rahmen einer Buchung erkl\u00e4ren Sie sich einverstanden, dass Ihre Daten bei unseren Partnern gespeichert werden und zu [&hellip;]<\/p>\n","protected":false},"author":1,"featured_media":0,"parent":0,"menu_order":0,"comment_status":"closed","ping_status":"closed","template":"","meta":{"_et_pb_use_builder":"on","_et_pb_old_content":"","_et_gb_content_width":"","footnotes":""},"class_list":["post-856","page","type-page","status-publish","hentry"],"_links":{"self":[{"href":"https:\/\/www.discover-innsbruck.at\/en\/wp-json\/wp\/v2\/pages\/856","targetHints":{"allow":["GET"]}}],"collection":[{"href":"https:\/\/www.discover-innsbruck.at\/en\/wp-json\/wp\/v2\/pages"}],"about":[{"href":"https:\/\/www.discover-innsbruck.at\/en\/wp-json\/wp\/v2\/types\/page"}],"author":[{"embeddable":true,"href":"https:\/\/www.discover-innsbruck.at\/en\/wp-json\/wp\/v2\/users\/1"}],"replies":[{"embeddable":true,"href":"https:\/\/www.discover-innsbruck.at\/en\/wp-json\/wp\/v2\/comments?post=856"}],"version-history":[{"count":0,"href":"https:\/\/www.discover-innsbruck.at\/en\/wp-json\/wp\/v2\/pages\/856\/revisions"}],"wp:attachment":[{"href":"https:\/\/www.discover-innsbruck.at\/en\/wp-json\/wp\/v2\/media?parent=856"}],"curies":[{"name":"wp","href":"https:\/\/api.w.org\/{rel}","templated":true}]}}