{"id":987,"date":"2020-08-30T12:07:10","date_gmt":"2020-08-30T12:07:10","guid":{"rendered":"https:\/\/www.discover-innsbruck.at\/?page_id=987"},"modified":"2024-04-23T14:27:52","modified_gmt":"2024-04-23T14:27:52","slug":"agb","status":"publish","type":"page","link":"https:\/\/www.discover-innsbruck.at\/en\/agb\/","title":{"rendered":"Terms and Conditions"},"content":{"rendered":"<p>[et_pb_section fb_built=&#8220;1&#8243; _builder_version=&#8220;4.16&#8243; _module_preset=&#8220;default&#8220; global_colors_info=&#8220;{}&#8220;][et_pb_row _builder_version=&#8220;4.16&#8243; _module_preset=&#8220;default&#8220; global_colors_info=&#8220;{}&#8220;][et_pb_column type=&#8220;4_4&#8243; _builder_version=&#8220;4.16&#8243; _module_preset=&#8220;default&#8220; global_colors_info=&#8220;{}&#8220;][et_pb_text _builder_version=&#8220;4.24.3&#8243; _module_preset=&#8220;default&#8220; hover_enabled=&#8220;0&#8243; global_colors_info=&#8220;{}&#8220; sticky_enabled=&#8220;0&#8243;]<\/p>\n<h1>AGB<\/h1>\n<p>Gezahlte Betr\u00e4ge k\u00f6nnen nicht zur\u00fcckerstattet werden. Der Vertragspartner verpflichtet sich die bestellte und von ihr schriftlich best\u00e4tigte Leistung zu erbringen. Der K\u00e4ufer ist verpflichtet die f\u00fcr diese Leistungen vereinbarten Preise zu zahlen. Die vereinbarten Preise sind inklusive Mehrwertsteuer. S\u00e4mtliche Online-Beschreibungen sind freibleibend. Im Falle der Nichtverf\u00fcgbarkeit einer Station des R\u00e4tsels (Baustelle, erschwerter Zugang, Sperre, \u00d6ffnungszeiten&#8230;) oder einzelner Elemente ist der Vertragspartner zur Wiedergutmachung der Leistung nicht verpflichtet. Jugendliche unter 18 Jahren sind nicht voll gesch\u00e4ftsf\u00e4hig und d\u00fcrfen deshalb keine Vertr\u00e4ge abschlie\u00dfen. Eltern haften f\u00fcr ihre Kinder!<\/p>\n<p>Der Kauf erfolgt \u00fcber unsere Website bzw bei einem Vertriebspartner. Nach dem Kauf erh\u00e4lt der Kunde ein E-Mail mit den Login Daten, wobei die Best\u00e4tigungsmail an die bei der Buchung angegebene E-Mail-Adresse versendet wird. Die Best\u00e4tigung dient als Beleg f\u00fcr das gebuchte Angebot.\u00a0Nach Kaufabschluss sind die Logindaten f\u00fcr 7 Tage g\u00fcltig.<\/p>\n<p><strong>Zahlung:<\/strong><br \/>Die Onlinezahlung erfolgt mit Creditkarte via Stripe.com, einem Online Zahlungsmittelprovider. Bei Buchung \u00fcber einen Vertriebspartner ist es m\u00f6glich bar zu zahlen je nach M\u00f6glichkeit.<\/p>\n<p><strong>Vertrag:<\/strong><br \/>Mit der Zuweisung der Login Daten entsteht zwischen Escape Events GmbH und dem Besteller ein verbindlicher Vertrag.\u00a0Nur Dienstleistungen, die explizit im der Buchung zugrunde liegenden Online-Angebot genannt sind, werden Gegenstand des Vertrages. Zusatzleistungen bed\u00fcrfen einer Sondervereinbarung. F\u00fcr solche wird ggf. eine Zusatzverg\u00fctung vereinbart.<\/p>\n<p><strong>Haftung der Vertragsparteien<\/strong><\/p>\n<p>Der Schadensersatzanspruch wegen wesentlicher Vertragspflichten ist auf den vertragstypischen, vorhersehbaren Schaden begrenzt, soweit nicht Vorsatz oder grobe Fahrl\u00e4ssigkeit vorliegt oder wegen der Verletzung des Lebens, des K\u00f6rpers oder der Gesundheit gehaftet wird. Eine \u00c4nderung der Beweislast zum Nachteil des Bestellers ist damit nicht verbunden. Der Vertragspartner haftet nicht f\u00fcr Sch\u00e4den, die durch h\u00f6here Gewalt, Aufruhr, Kriegs- und Naturereignisse oder durch sonstige von ihr nicht zu vertretende Vorkommnisse (z.B. Streik, Aussperrung, Verkehrsst\u00f6rung, Verf\u00fcgungen von hoher Hand im In- oder Ausland) oder auf nicht schuldhaft verursachte technische St\u00f6rungen (wie z.B. das EDV-System) zur\u00fcckzuf\u00fchren sind. Als h\u00f6here Gewalt gelten auch Computerviren oder vors\u00e4tzliche Angriffe auf EDV-Systeme durch \u201eHacker\u201c, sofern jeweils angemessene Schutzvorkehrungen hiergegen getroffen wurden.<\/p>\n<p>Der Besteller haftet f\u00fcr alle Sch\u00e4den an Geb\u00e4ude oder Inventar, die durch ihn oder Dritte aus seinem Bereich verursacht werden. Bei Beschwerden sind Mitarbeiter des Vertragspartners unverz\u00fcglich zu kontaktieren. Jede m\u00fcndliche Benachrichtigung muss so bald wie m\u00f6glich in schriftlicher Form nachgeholt werden. Beschwerden m\u00fcssen innerhalb von 14 Tagen nach Besuch der Attraktion eingereicht werden.<\/p>\n<p><strong>Anreise, Parkm\u00f6glichkeiten:<\/strong><br \/>Die Anreise f\u00e4llt ausschlie\u00dflich in den Verantwortungsbereich des Bestellers.<\/p>\n<p>[\/et_pb_text][\/et_pb_column][\/et_pb_row][\/et_pb_section]<\/p>\n","protected":false},"excerpt":{"rendered":"<p>AGB Gezahlte Betr\u00e4ge k\u00f6nnen nicht zur\u00fcckerstattet werden. Der Vertragspartner verpflichtet sich die bestellte und von ihr schriftlich best\u00e4tigte Leistung zu erbringen. Der K\u00e4ufer ist verpflichtet die f\u00fcr diese Leistungen vereinbarten Preise zu zahlen. Die vereinbarten Preise sind inklusive Mehrwertsteuer. S\u00e4mtliche Online-Beschreibungen sind freibleibend. Im Falle der Nichtverf\u00fcgbarkeit einer Station des R\u00e4tsels (Baustelle, erschwerter Zugang, Sperre, [&hellip;]<\/p>\n","protected":false},"author":1,"featured_media":0,"parent":0,"menu_order":0,"comment_status":"closed","ping_status":"closed","template":"","meta":{"_et_pb_use_builder":"on","_et_pb_old_content":"","_et_gb_content_width":"","footnotes":""},"class_list":["post-987","page","type-page","status-publish","hentry"],"_links":{"self":[{"href":"https:\/\/www.discover-innsbruck.at\/en\/wp-json\/wp\/v2\/pages\/987","targetHints":{"allow":["GET"]}}],"collection":[{"href":"https:\/\/www.discover-innsbruck.at\/en\/wp-json\/wp\/v2\/pages"}],"about":[{"href":"https:\/\/www.discover-innsbruck.at\/en\/wp-json\/wp\/v2\/types\/page"}],"author":[{"embeddable":true,"href":"https:\/\/www.discover-innsbruck.at\/en\/wp-json\/wp\/v2\/users\/1"}],"replies":[{"embeddable":true,"href":"https:\/\/www.discover-innsbruck.at\/en\/wp-json\/wp\/v2\/comments?post=987"}],"version-history":[{"count":0,"href":"https:\/\/www.discover-innsbruck.at\/en\/wp-json\/wp\/v2\/pages\/987\/revisions"}],"wp:attachment":[{"href":"https:\/\/www.discover-innsbruck.at\/en\/wp-json\/wp\/v2\/media?parent=987"}],"curies":[{"name":"wp","href":"https:\/\/api.w.org\/{rel}","templated":true}]}}